{"id":220,"date":"2025-05-20T17:36:20","date_gmt":"2025-05-20T17:36:20","guid":{"rendered":"https:\/\/make-it-home.eu\/?page_id=220"},"modified":"2025-05-20T17:36:28","modified_gmt":"2025-05-20T17:36:28","slug":"220-2","status":"publish","type":"page","link":"https:\/\/make-it-home.eu\/index.php\/220-2\/","title":{"rendered":"Kontakt"},"content":{"rendered":"\n<p><strong>Kontakt<\/strong><\/p>\n\n\n\n<p><strong>Du hast ein Projekt im Kopf oder brauchst professionelle Unterst\u00fctzung f\u00fcr dein Zuhause?<\/strong><br>Egal ob du verkaufst, renovierst oder einfach von einem sch\u00f6neren Wohnraum tr\u00e4umst \u2013 ich freue mich, von dir zu h\u00f6ren.<br>Lass uns gemeinsam etwas Besonderes schaffen.<\/p>\n\n\n\n<p><img decoding=\"async\" alt=\"\ud83d\udccd\" src=\"https:\/\/fonts.gstatic.com\/s\/e\/notoemoji\/16.0\/1f4cd\/32.png\">&nbsp;<strong>Standort:<\/strong><br>Wien, \u00d6sterreich<br>(Beratungen vor Ort oder online m\u00f6glich)<\/p>\n\n\n\n<p><img decoding=\"async\" alt=\"\ud83d\udcde\" src=\"https:\/\/fonts.gstatic.com\/s\/e\/notoemoji\/16.0\/1f4de\/32.png\">&nbsp;<strong>Telefon:<\/strong><br>+43 699 11939390<br>(Mo\u2013Fr, 9:00\u201318:00 Uhr)<\/p>\n\n\n\n<p><img decoding=\"async\" alt=\"\ud83d\udce7\" src=\"https:\/\/fonts.gstatic.com\/s\/e\/notoemoji\/16.0\/1f4e7\/32.png\">&nbsp;<strong>E-Mail:<\/strong><br><a href=\"mailto:office@make-it-home.eu\" target=\"_blank\" rel=\"noreferrer noopener\">office@make-it-home.eu<\/a><\/p>\n\n\n\n<p><img decoding=\"async\" alt=\"\ud83d\udcac\" src=\"https:\/\/fonts.gstatic.com\/s\/e\/notoemoji\/16.0\/1f4ac\/32.png\">&nbsp;<strong>Online-Beratung:<\/strong><br>Buche ganz einfach ein virtuelles Beratungsgespr\u00e4ch \u2013 flexibel, pers\u00f6nlich und bequem von \u00fcberall aus.<\/p>\n\n\n\n<p><img decoding=\"async\" alt=\"\ud83d\udcf1\" src=\"https:\/\/fonts.gstatic.com\/s\/e\/notoemoji\/16.0\/1f4f1\/32.png\">&nbsp;<strong>Folge mir auf Social Media:<\/strong><br>Instagram:&nbsp;<a href=\"https:\/\/www.instagram.com\/make.it.home\" rel=\"noreferrer noopener\" target=\"_blank\">@make.it.home<\/a><br>Facebook:&nbsp;<a href=\"https:\/\/www.facebook.com\/make.it.home\" rel=\"noreferrer noopener\" target=\"_blank\">make.it.home<\/a><br>Pinterest: make.it.home<\/p>\n","protected":false},"excerpt":{"rendered":"<p>Kontakt Du hast ein Projekt im Kopf oder brauchst professionelle Unterst\u00fctzung f\u00fcr dein Zuhause?Egal ob du verkaufst, renovierst oder einfach von einem sch\u00f6neren Wohnraum tr\u00e4umst \u2013 ich freue mich, von dir zu h\u00f6ren.Lass uns gemeinsam etwas Besonderes schaffen. &nbsp;Standort:Wien, \u00d6sterreich(Beratungen vor Ort oder online m\u00f6glich) &nbsp;Telefon:+43 699 11939390(Mo\u2013Fr, 9:00\u201318:00 Uhr) &nbsp;E-Mail:office@make-it-home.eu &nbsp;Online-Beratung:Buche ganz einfach ein [&hellip;]<\/p>\n","protected":false},"author":2,"featured_media":0,"parent":0,"menu_order":0,"comment_status":"closed","ping_status":"closed","template":"","meta":{"footnotes":""},"class_list":["post-220","page","type-page","status-publish","hentry"],"_links":{"self":[{"href":"https:\/\/make-it-home.eu\/index.php\/wp-json\/wp\/v2\/pages\/220","targetHints":{"allow":["GET"]}}],"collection":[{"href":"https:\/\/make-it-home.eu\/index.php\/wp-json\/wp\/v2\/pages"}],"about":[{"href":"https:\/\/make-it-home.eu\/index.php\/wp-json\/wp\/v2\/types\/page"}],"author":[{"embeddable":true,"href":"https:\/\/make-it-home.eu\/index.php\/wp-json\/wp\/v2\/users\/2"}],"replies":[{"embeddable":true,"href":"https:\/\/make-it-home.eu\/index.php\/wp-json\/wp\/v2\/comments?post=220"}],"version-history":[{"count":2,"href":"https:\/\/make-it-home.eu\/index.php\/wp-json\/wp\/v2\/pages\/220\/revisions"}],"predecessor-version":[{"id":222,"href":"https:\/\/make-it-home.eu\/index.php\/wp-json\/wp\/v2\/pages\/220\/revisions\/222"}],"wp:attachment":[{"href":"https:\/\/make-it-home.eu\/index.php\/wp-json\/wp\/v2\/media?parent=220"}],"curies":[{"name":"wp","href":"https:\/\/api.w.org\/{rel}","templated":true}]}}